{"id":120,"date":"2021-09-07T15:41:33","date_gmt":"2021-09-07T13:41:33","guid":{"rendered":"https:\/\/draupnir-records.com\/?page_id=120"},"modified":"2023-10-03T12:36:30","modified_gmt":"2023-10-03T10:36:30","slug":"about-us","status":"publish","type":"page","link":"https:\/\/draupnir-records.com\/index.php\/about-us\/","title":{"rendered":"About Us"},"content":{"rendered":"<p>[vc_row][vc_column][vc_column_text]<\/p>\n<p style=\"text-align: center;\"><span style=\"font-family: 'Amatic SC'; font-size: 36pt;\">* <a href=\"https:\/\/draupnir-records.com\/wp-content\/uploads\/2021\/09\/Dossier-de-Presse-Draupnir-Records-F1.pdf\" target=\"_blank\" rel=\"noopener\">Press Kit<\/a> *<\/span><\/p>\n<p>[\/vc_column_text][\/vc_column][\/vc_row][vc_row equal_height=&#8221;&#8221; shift_y=&#8221;0&#8243; z_index=&#8221;0&#8243; css=&#8221;.vc_custom_1631024108561{padding-top: 10px !important;}&#8221;][vc_column shift_x=&#8221;0&#8243; shift_y=&#8221;0&#8243; z_index=&#8221;0&#8243;][vc_column_text]<span style=\"font-size: 36pt; font-family: 'Amatic SC';\">Draupnir Records :<\/span><\/p>\n<p>Draupnir Records \u00e0 \u00e9t\u00e9 fond\u00e9 d\u00e9but Juin 2021 et est co dirig\u00e9 par Balthazar et Franck, le label a pour objectif de faire conna\u00eetre outre atlantique les styles de musique underground tels que l&#8217;Acidcore, la Tribe et la Mentalcore. Apr\u00e8s la sortie de deux albums sous la forme de Various Artists digitaux en 2021 et 2022, Draupnir Records se lance en 2023 dans la production d&#8217;\u00e9v\u00e9nements \u00e0 Montr\u00e9al.[\/vc_column_text][\/vc_column][\/vc_row][vc_row equal_height=&#8221;&#8221; shift_y=&#8221;0&#8243; z_index=&#8221;0&#8243; css=&#8221;.vc_custom_1631024037276{padding-top: 40px !important;}&#8221;][vc_column width=&#8221;1\/2&#8243;][vc_column_text]<span style=\"font-family: 'Amatic SC'; font-size: 36pt;\">Balthazar (TAZAR) :<\/span><\/p>\n<p>Balthazar aka TAZAR, Originaire de Toulouse, Balthazar d\u00e9couvre sa passion pour les musiques \u00e9lectroniques lors de ses premi\u00e8res Raves en 2015 puis cr\u00e9e son premier collectif &#8220;Tektris&#8221;, o\u00f9 durant 5 ans il organise et joue des sets Tribe et Acid dans diverses Raves allant jusqu&#8217;\u00e0 2000 personnes. Il rejoint ensuite le collectif Toulousain : Zig Zag, puis en 2018 il signe ses 2 premiers EP chez Black Bore Records (Label Italien) dans une vibe Dark Techno, puis en 2019 chez New Horizon Records. C&#8217; est en 2019 qu&#8217;il part \u00e0 Montr\u00e9al faire ses \u00e9tudes de Technicien Audio \/ Musique a l\u2019image, puis rejoint l&#8217; association Vagues qu&#8217;il codirige. Il commence \u00e0 composer dans un style plus orient\u00e9 Indus \/ Acidcore ! Lors de l&#8217;\u00e9t\u00e9 2020 il signe sa premi\u00e8re track sur Vinyle chez Vinyle Bleu, puis une seconde en 2021. Lors du printemps 2021, Balthazar fonde le label Draupnir Records, un label 100% Acidcore et Mentalcore.[\/vc_column_text][\/vc_column][vc_column width=&#8221;1\/2&#8243;][vc_column_text]<span style=\"font-family: 'Amatic SC'; font-size: 36pt;\">Franck Chev :<\/span><\/p>\n<p>Franck Chev, n\u00e9 dans le P\u00e9rigord, a fait ses premiers pas dans le monde de la musique \u00e9lectronique lorsqu\u2019il a v\u00e9cu \u00e0 Paris pour ses \u00e9tudes, c\u2019est \u00e0 son retour dans sa ville d\u2019adoption Toulouse, qu\u2019il d\u00e9cide de devenir davantage acteur que spectateur dans ce dans ce milieu qui lui a tant apport\u00e9. En 2018 il rejoint Reve Party Records, o\u00f9 il met un pied dans le mix Acid Techno et la gestion d\u2019\u00e9v\u00e9nement. Puis, ensuite fonde le collectif Zig Zag avec ses amis les plus proche. Aujourd\u2019hui l\u2019organisation d\u2019\u00e9v\u00e9nement ne fait plus parti de son quotidien, il se tourne en effet de plus en plus vers la production musicale, et son style \u00e0 \u00e9voluer pour se diriger vers la Hard Techno et \u00e9voluera s\u00fbrement dans le futur. En 2021 il continue \u00e9galement d\u2019apporter sa pierre \u00e0 l\u2019\u00e9difice en fondant avec son ami de toujours Balthazar le label Draupnir Records.[\/vc_column_text][\/vc_column][\/vc_row]<\/p>\n","protected":false},"excerpt":{"rendered":"<p>[vc_row][vc_column][vc_column_text] * Press Kit * [\/vc_column_text][\/vc_column][\/vc_row][vc_row equal_height=&#8221;&#8221; shift_y=&#8221;0&#8243; z_index=&#8221;0&#8243; css=&#8221;.vc_custom_1631024108561{padding-top: 10px !important;}&#8221;][vc_column shift_x=&#8221;0&#8243; shift_y=&#8221;0&#8243; z_index=&#8221;0&#8243;][vc_column_text]Draupnir Records : Draupnir Records \u00e0 \u00e9t\u00e9 fond\u00e9 d\u00e9but Juin 2021 et est co dirig\u00e9 par Balthazar et Franck, le label a pour objectif de faire conna\u00eetre outre atlantique les styles de musique underground tels que l&#8217;Acidcore, la Tribe et la&#8230;<\/p>\n<p><a rel=\"bookmark\" class=\"reinar-button-simple wvc-button wvc-button-size-xs\" href=\"https:\/\/draupnir-records.com\/index.php\/about-us\/\"><span>Continue reading<\/span><\/a><\/p>\n","protected":false},"author":1,"featured_media":0,"parent":0,"menu_order":0,"comment_status":"closed","ping_status":"closed","template":"","meta":{"footnotes":""},"class_list":{"0":"post-120","1":"page","2":"type-page","3":"status-publish","4":"hentry","5":"entry","6":"clearfix","7":"entry-grid","8":"entry-columns-default","9":"entry-page-module-layout-standard","10":"no-post-thumbnail","11":"entry-page","13":"entry-page-grid"},"_links":{"self":[{"href":"https:\/\/draupnir-records.com\/index.php\/wp-json\/wp\/v2\/pages\/120"}],"collection":[{"href":"https:\/\/draupnir-records.com\/index.php\/wp-json\/wp\/v2\/pages"}],"about":[{"href":"https:\/\/draupnir-records.com\/index.php\/wp-json\/wp\/v2\/types\/page"}],"author":[{"embeddable":true,"href":"https:\/\/draupnir-records.com\/index.php\/wp-json\/wp\/v2\/users\/1"}],"replies":[{"embeddable":true,"href":"https:\/\/draupnir-records.com\/index.php\/wp-json\/wp\/v2\/comments?post=120"}],"version-history":[{"count":26,"href":"https:\/\/draupnir-records.com\/index.php\/wp-json\/wp\/v2\/pages\/120\/revisions"}],"predecessor-version":[{"id":195,"href":"https:\/\/draupnir-records.com\/index.php\/wp-json\/wp\/v2\/pages\/120\/revisions\/195"}],"wp:attachment":[{"href":"https:\/\/draupnir-records.com\/index.php\/wp-json\/wp\/v2\/media?parent=120"}],"curies":[{"name":"wp","href":"https:\/\/api.w.org\/{rel}","templated":true}]}}